{"id":571,"date":"2021-01-11T15:56:49","date_gmt":"2021-01-11T15:56:49","guid":{"rendered":"https:\/\/1003225.ruhr-colo.de\/?page_id=571"},"modified":"2026-02-18T13:26:16","modified_gmt":"2026-02-18T13:26:16","slug":"individual-session-service-10-2","status":"publish","type":"page","link":"https:\/\/die-naturheilpraxis-pusch.de\/index.php\/individual-session-service-10-2\/","title":{"rendered":"Impressum"},"content":{"rendered":"<div class=\"wpb-content-wrapper\"><p>[vc_row full_width=&#8220;0&#8243; full_height=&#8220;0&#8243; particles=&#8220;0&#8243; css=&#8220;.vc_custom_1457512674147{padding-bottom: 96px !important;}&#8220;][vc_column width=&#8220;2\/3&#8243;][vc_column_text]<span class=\"Stil10\">Verantwortlich f\u00fcr den Inhalt dieser Internetpr\u00e4senz:<\/span><\/p>\n<p>Die Naturheilpraxis Pusch<\/p>\n<p>Andrea Scharnweber<br \/>\nAckerstra\u00dfe 4a<br \/>\n46459 Rees<\/p>\n<p>Tel.: 0 28 51 \/ 91 79 19<br \/>\nFax: 0 28 51 \/ 91 79 14<br \/>\nMail: <a class=\"mail\" href=\"mailto:info@die-naturheilpraxis-pusch.de\">info@die-naturheilpraxis-pusch.de<\/a><br \/>\n<a class=\"mail\" href=\"http:\/\/www.die-naturheilpraxis-pusch.de\" target=\"_self\" rel=\"noopener\">www.die-naturheilpraxis-pusch.de<\/a><\/p>\n<p>Zust\u00e4ndige Aufsichtsbeh\u00f6rde:<br \/>\nGesundheitsamt Kleve<\/p>\n<p>Berufsbezeichnung:<br \/>\nHeilpraktikerin<\/p>\n<p>Berufsrechtliche Regelungen:<br \/>\nGeb\u00fchrenordnung f\u00fcr Heilpraktiker, Heilpraktikergesetz<\/p>\n<p>Berufsverband:<br \/>\nFreie Heilpraktiker e.V.<br \/>\nBenrather Schlossallee 49-53<br \/>\n40597 D\u00fcsseldorf<br \/>\nTel.: 02 11 \/ 90 17 290<br \/>\nFax: 02 11 \/ 39 82 710<br \/>\nMail: <a class=\"mail\" href=\"mailto:BRSFH@t-online.de\">BRSFH@t-online.de<\/a><br \/>\n<a class=\"mail\" href=\"http:\/\/www.freieheilpraktiker.com\" target=\"_blank\" rel=\"noopener\">www.freieheilpraktiker.com<\/a><\/p>\n<p class=\"Stil10\">Mitgliedsnummer: 3002<\/p>\n<p>Design und Umsetzung:<br \/>\nThiemo Ehlert<\/p>\n<p class=\"Stil10\"><strong>Bilder<br \/>\n<\/strong>www.adobestock.de<\/p>\n<p><strong>Haftungshinweise<br \/>\n<\/strong>Trotz eingehender inhaltlicher Pr\u00fcfung \u00fcbernehmen wir keine Haftung f\u00fcr die Inhalte externer Links. F\u00fcr den Inhalt der verlinkten Seiten sind ausschlie\u00dflich deren Betreiber verantwortlich.<\/p>\n<p><strong>Links und Verweise<\/strong><br \/>\nBei direkten oder indirekten Verweisen auf fremde Internetseiten (Hyperlinks), die au\u00dferhalb des Verantwortungsbereiches liegen, w\u00fcrde eine Haftungsverpflichtung ausschlie\u00dflich in dem Fall in Kraft treten, in dem wir von den Inhalten Kenntnis hat und es ihm technisch m\u00f6glich und zumutbar w\u00e4re, die Nutzung im Falle rechtswidriger Inhalte zu verhindern.<br \/>\nWir erkl\u00e4ren hiermit ausdr\u00fccklich, dass zum Zeitpunkt der Linksetzung keine illegalen Inhalte auf den zu verlinkenden Seiten erkennbar waren. Auf die aktuelle und zuk\u00fcnftige Gestaltung, die Inhalte oder die Urheberschaft der gelinkten\/verkn\u00fcpften Seiten haben wir keinerlei Einfluss. Deshalb distanziert sie sich hiermit ausdr\u00fccklich von allen Inhalten aller gelinkten \/verkn\u00fcpften Seiten, die nach der Linksetzung ver\u00e4ndert wurden. Diese Feststellung gilt f\u00fcr alle innerhalb des eigenen Internetangebotes gesetzten Links und Verweise sowie f\u00fcr Fremdeintr\u00e4ge in vom Autor eingerichteten G\u00e4steb\u00fcchern, Diskussionsforen und Mailinglisten. F\u00fcr illegale, fehlerhafte oder unvollst\u00e4ndige Inhalte und insbesondere f\u00fcr Sch\u00e4den, die aus der Nutzung oder Nichtnutzung solcherart dargebotener Informationen entstehen, haftet allein der Anbieter der Seite, auf welche verwiesen wurde, nicht derjenige, der \u00fcber Links auf die jeweilige Ver\u00f6ffentlichung lediglich verweist.<br \/>\n<strong><br \/>\nUrheberrecht &#8211; Kennzeichenrecht<\/strong><br \/>\nWir sind bestrebt, in allen Publikationen die Urheberrechte der verwendeten Grafiken, Tondokumente, Videosequenzen und Texte zu beachten, von ihm selbst erstellte Grafiken, Tondokumente, Videosequenzen und Texte zu nutzen oder auf lizenzfreie Grafiken, Tondokumente, Videosequenzen und Texte zur\u00fcckzugreifen.<br \/>\nAlle innerhalb des Internetangebotes genannten und ggf. durch Dritte gesch\u00fctzten Marken- und Warenzeichen unterliegen uneingeschr\u00e4nkt den Bestimmungen des jeweils g\u00fcltigen Kennzeichenrechts und den Besitzrechten der jeweiligen eingetragenen Eigent\u00fcmer. Allein aufgrund der blo\u00dfen Nennung ist nicht der Schluss zu ziehen, dass Markenzeichen nicht durch Rechte Dritter gesch\u00fctzt sind!<br \/>\nDas Copyright f\u00fcr ver\u00f6ffentlichte, vom Autor selbst erstellte Objekte bleibt allein beim Autor der Seiten. Eine Vervielf\u00e4ltigung oder Verwendung solcher Grafiken, Tondokumente, Videosequenzen und Texte in anderen elektronischen oder gedruckten Publikationen ist ohne ausdr\u00fcckliche Zustimmung des Autors nicht gestattet.<br \/>\n<strong><br \/>\nRechtswirksamkeit<\/strong><br \/>\nDieser Haftungsausschluss ist als Teil des Webauftrittes zu betrachten, von dem aus auf diese Seite verwiesen wurde. Sofern Teile oder einzelne Formulierungen dieses Textes der geltenden Rechtslage nicht, nicht mehr oder nicht vollst\u00e4ndig entsprechen sollten, bleiben die \u00fcbrigen Teile des Dokuments in ihrem Inhalt und ihrer G\u00fcltigkeit hiervon unber\u00fchrt.<\/p>\n<p><strong>Keine Abmahnung ohne vorherigen Kontakt<\/strong><br \/>\nVerletzt der Inhalt dieser Website Ihre Schutzrechte oder gesetzliche Bestimmungen, so bitte ich um entsprechende Nachricht ohne Kostennote. Ich schaffe z\u00fcgig Abhilfe bei berechtigten Beanstandungen. Ein Rechtsanwalt ist nicht erforderlich. Ausgel\u00f6ste Kosten ohne vorherige Kontaktaufnahme mit mir werden vollumf\u00e4nglich zur\u00fcckgewiesen. Sie l\u00f6sen gegebenen falls eine Gegenklage wegen Verletzung vorgenannter Bestimmungen aus.[\/vc_column_text][vc_empty_space height=&#8220;64px&#8220;][\/vc_column][\/vc_row]<\/p>\n<\/div>","protected":false},"excerpt":{"rendered":"<p>[vc_row full_width=&#8220;0&#8243; full_height=&#8220;0&#8243; particles=&#8220;0&#8243; css=&#8220;.vc_custom_1457512674147{padding-bottom: 96px !important;}&#8220;][vc_column width=&#8220;2\/3&#8243;][vc_column_text]Verantwortlich f\u00fcr den Inhalt dieser Internetpr\u00e4senz: Die Naturheilpraxis Pusch Andrea Scharnweber Ackerstra\u00dfe 4a 46459 Rees Tel.: 0 28 51 \/ 91 79 19 [&hellip;]<\/p>\n","protected":false},"author":1,"featured_media":0,"parent":0,"menu_order":0,"comment_status":"closed","ping_status":"closed","template":"","meta":{"footnotes":""},"class_list":["post-571","page","type-page","status-publish","hentry"],"_links":{"self":[{"href":"https:\/\/die-naturheilpraxis-pusch.de\/index.php\/wp-json\/wp\/v2\/pages\/571","targetHints":{"allow":["GET"]}}],"collection":[{"href":"https:\/\/die-naturheilpraxis-pusch.de\/index.php\/wp-json\/wp\/v2\/pages"}],"about":[{"href":"https:\/\/die-naturheilpraxis-pusch.de\/index.php\/wp-json\/wp\/v2\/types\/page"}],"author":[{"embeddable":true,"href":"https:\/\/die-naturheilpraxis-pusch.de\/index.php\/wp-json\/wp\/v2\/users\/1"}],"replies":[{"embeddable":true,"href":"https:\/\/die-naturheilpraxis-pusch.de\/index.php\/wp-json\/wp\/v2\/comments?post=571"}],"version-history":[{"count":8,"href":"https:\/\/die-naturheilpraxis-pusch.de\/index.php\/wp-json\/wp\/v2\/pages\/571\/revisions"}],"predecessor-version":[{"id":716,"href":"https:\/\/die-naturheilpraxis-pusch.de\/index.php\/wp-json\/wp\/v2\/pages\/571\/revisions\/716"}],"wp:attachment":[{"href":"https:\/\/die-naturheilpraxis-pusch.de\/index.php\/wp-json\/wp\/v2\/media?parent=571"}],"curies":[{"name":"wp","href":"https:\/\/api.w.org\/{rel}","templated":true}]}}