{"id":567,"date":"2021-01-11T15:47:57","date_gmt":"2021-01-11T15:47:57","guid":{"rendered":"https:\/\/1003225.ruhr-colo.de\/?page_id=567"},"modified":"2021-10-26T14:13:18","modified_gmt":"2021-10-26T14:13:18","slug":"individual-session-service-9","status":"publish","type":"page","link":"https:\/\/die-naturheilpraxis-pusch.de\/index.php\/individual-session-service-9\/","title":{"rendered":"Faltentherapie"},"content":{"rendered":"<div class=\"wpb-content-wrapper\"><p>[vc_row full_width=&#8220;0&#8243; full_height=&#8220;0&#8243; particles=&#8220;0&#8243; css=&#8220;.vc_custom_1457512674147{padding-bottom: 96px !important;}&#8220;][vc_column width=&#8220;1\/6&#8243;][vc_single_image image=&#8220;667&#8243; img_size=&#8220;full&#8220;][\/vc_column][vc_column width=&#8220;5\/6&#8243;][vc_column_text]Hyalurons\u00e4ure: Ein nat\u00fcrlicher Bestandteil des menschlichen K\u00f6rpers<br \/>\nHyalurons\u00e4ure kommt von Natur aus im menschlichen K\u00f6rper vor. Sie besteht aus einer unendlichen Wiederholung von Glucurons\u00e4ure und N-Acetyl-Glucosamin. Dieses Polysaccharid ist ein Bestandteil des Bindegewebes von Menschen. Es ist bei allen Lebewesen chemisch, physikalisch und biologisch identisch und besitzt eine au\u00dfergew\u00f6hnlich hohe Biokompatibilit\u00e4t. Hyalorons\u00e4ure ist ein wichtiger Bestandteil f\u00fcr die Struktur der extrazellul\u00e4ren Matrix, unterst\u00fctzt die Hydration der Dermis und beugt so der Faltenbildung vor. Die H\u00e4lfte der im menschlichen K\u00f6rper enthaltenen Hyalurons\u00e4ure befindet sich in der Haut. Im Laufe der Zeit wird die Haut durch viele \u00f6kologische und physiologische Faktoren beansprucht, die Haylurons\u00e4urekonzentration nimmt ab. Dies f\u00fchrt zu einem R\u00fcckgang der Hydration und der Straffheit der Haut und verursacht die Entstehung von Falten.<\/p>\n<p>Die Gele erm\u00f6glichen es, dieses Hyalurons\u00e4uredefizit. entsprechend der Hautschicht, die behandelt werden soll, harmonisch auszugleichen.<\/p>\n<p>Gern berate ich Sie entsprechend Ihres Haustyps[\/vc_column_text][\/vc_column][\/vc_row]<\/p>\n<\/div>","protected":false},"excerpt":{"rendered":"<p>[vc_row full_width=&#8220;0&#8243; full_height=&#8220;0&#8243; particles=&#8220;0&#8243; css=&#8220;.vc_custom_1457512674147{padding-bottom: 96px !important;}&#8220;][vc_column width=&#8220;1\/6&#8243;][vc_single_image image=&#8220;667&#8243; img_size=&#8220;full&#8220;][\/vc_column][vc_column width=&#8220;5\/6&#8243;][vc_column_text]Hyalurons\u00e4ure: Ein nat\u00fcrlicher Bestandteil des menschlichen K\u00f6rpers Hyalurons\u00e4ure kommt von Natur aus im menschlichen K\u00f6rper vor. Sie besteht aus einer [&hellip;]<\/p>\n","protected":false},"author":1,"featured_media":0,"parent":0,"menu_order":0,"comment_status":"closed","ping_status":"closed","template":"","meta":{"footnotes":""},"class_list":["post-567","page","type-page","status-publish","hentry"],"_links":{"self":[{"href":"https:\/\/die-naturheilpraxis-pusch.de\/index.php\/wp-json\/wp\/v2\/pages\/567","targetHints":{"allow":["GET"]}}],"collection":[{"href":"https:\/\/die-naturheilpraxis-pusch.de\/index.php\/wp-json\/wp\/v2\/pages"}],"about":[{"href":"https:\/\/die-naturheilpraxis-pusch.de\/index.php\/wp-json\/wp\/v2\/types\/page"}],"author":[{"embeddable":true,"href":"https:\/\/die-naturheilpraxis-pusch.de\/index.php\/wp-json\/wp\/v2\/users\/1"}],"replies":[{"embeddable":true,"href":"https:\/\/die-naturheilpraxis-pusch.de\/index.php\/wp-json\/wp\/v2\/comments?post=567"}],"version-history":[{"count":5,"href":"https:\/\/die-naturheilpraxis-pusch.de\/index.php\/wp-json\/wp\/v2\/pages\/567\/revisions"}],"predecessor-version":[{"id":689,"href":"https:\/\/die-naturheilpraxis-pusch.de\/index.php\/wp-json\/wp\/v2\/pages\/567\/revisions\/689"}],"wp:attachment":[{"href":"https:\/\/die-naturheilpraxis-pusch.de\/index.php\/wp-json\/wp\/v2\/media?parent=567"}],"curies":[{"name":"wp","href":"https:\/\/api.w.org\/{rel}","templated":true}]}}