{"id":561,"date":"2021-01-11T15:45:00","date_gmt":"2021-01-11T15:45:00","guid":{"rendered":"https:\/\/1003225.ruhr-colo.de\/?page_id=561"},"modified":"2021-10-12T12:37:44","modified_gmt":"2021-10-12T12:37:44","slug":"individual-session-service-6","status":"publish","type":"page","link":"https:\/\/die-naturheilpraxis-pusch.de\/index.php\/individual-session-service-6\/","title":{"rendered":"Die digitale Irisdiagnose"},"content":{"rendered":"<div class=\"wpb-content-wrapper\"><p>[vc_row full_width=&#8220;0&#8243; full_height=&#8220;0&#8243; particles=&#8220;0&#8243; css=&#8220;.vc_custom_1457512674147{padding-bottom: 96px !important;}&#8220;][vc_column][vc_empty_space height=&#8220;64px&#8220;][\/vc_column][vc_column width=&#8220;1\/2&#8243;][vc_column_text]Mit Hilfe der Irisdiagnose kann man neben wichtigen Hinweisen zur konstitutionellen oder erblichen Veranlagung auch akute Anzeichen der spezifischen Krankheitsdispositionen erkennen &#8211; und zwar l\u00e4ngst bevor sich eine Erkrankung manifestiert.<\/p>\n<p>Die Irisdiagnose geh\u00f6rt zu den Verfahren der Hinweisdiagnostik und bef\u00e4higt im Rahmen der heute \u00fcblichen Untersuchungsmethoden zu einer vollst\u00e4ndigen naturheilkundlichen Diagnose, im Sinne der Ganzheitsschau von K\u00f6rper, Geist und Seele. Sie ist imstande den richtigen Weg zu zeigen, wo man weiter suchen oder klinisch abkl\u00e4ren lassen sollte.<\/p>\n<p>Der Methode liegt die Vorstellung zugrunde, dass zwischen allen K\u00f6rperteilen und Organen eine feste Nervenverbindung zur Regenbogenhaut (Iris) des Auges besteht. Krankheiten oder St\u00f6rungen der Organe w\u00fcrden daher in verschiedenen Strukturen der Iris (Pigmentflecken, Streifen, Ringe) erkennbar sein.<\/p>\n<p>Entwickelt wurde die Methode um das Jahr 1880 von dem ungarischen Arzt und Hom\u00f6opathen Ignaz von P\u00e9czely. Er bemerkte angeblich in den Augen einer Eule besondere Ver\u00e4nderungen, nachdem sie sich ein Bein gebrochen hatte.<\/p>\n<p>Die Iris wird mit einem Irismikroskop betrachtet oder fotografiert. Der Therapeut schlie\u00dft aus den auff\u00e4lligen Strukturen in den Iris-Segmenten auf Krankheiten der entsprechenden Organe.<\/p>\n<p>Wichtigste Aufgabe der Irisdiagnose ist die Feststellung der Konstitution, wobei zwischen blauen (lymphatischer Typ) und braunen (h\u00e4matogener Typ) Iriden mit verschiedenen Untertypen unterschieden wird. Darauf baut sich immer eine Konstitutionstherapie auf (Behandlung mit physikalischen oder chemischen Mitteln, die eine St\u00e4rkung der Konstitution bewirken soll, um ein Wiederauftreten der gleichen Erkrankung beim Patienten zu verhindern).[\/vc_column_text][\/vc_column][vc_column width=&#8220;1\/2&#8243;]<div class=\"pl_fixed_ratio_media  \">\n    <div class=\"stretchy_wrapper ratio_16-9   bg_vtop\" style=\"background-image: url('https:\/\/die-naturheilpraxis-pusch.de\/wp-content\/uploads\/2021\/10\/WhatsApp-Image-2021-10-12-at-14.35.44.jpeg');\">\n      <img decoding=\"async\" alt=\"\" src=\"https:\/\/die-naturheilpraxis-pusch.de\/wp-content\/uploads\/2021\/10\/WhatsApp-Image-2021-10-12-at-14.35.44.jpeg\">\n    <\/div>\n\n<\/div>[\/vc_column][\/vc_row]<\/p>\n<\/div>","protected":false},"excerpt":{"rendered":"<p>[vc_row full_width=&#8220;0&#8243; full_height=&#8220;0&#8243; particles=&#8220;0&#8243; css=&#8220;.vc_custom_1457512674147{padding-bottom: 96px !important;}&#8220;][vc_column][vc_empty_space height=&#8220;64px&#8220;][\/vc_column][vc_column width=&#8220;1\/2&#8243;][vc_column_text]Mit Hilfe der Irisdiagnose kann man neben wichtigen Hinweisen zur konstitutionellen oder erblichen Veranlagung auch akute Anzeichen der spezifischen Krankheitsdispositionen erkennen &#8211; [&hellip;]<\/p>\n","protected":false},"author":1,"featured_media":0,"parent":0,"menu_order":0,"comment_status":"closed","ping_status":"closed","template":"","meta":{"footnotes":""},"class_list":["post-561","page","type-page","status-publish","hentry"],"_links":{"self":[{"href":"https:\/\/die-naturheilpraxis-pusch.de\/index.php\/wp-json\/wp\/v2\/pages\/561","targetHints":{"allow":["GET"]}}],"collection":[{"href":"https:\/\/die-naturheilpraxis-pusch.de\/index.php\/wp-json\/wp\/v2\/pages"}],"about":[{"href":"https:\/\/die-naturheilpraxis-pusch.de\/index.php\/wp-json\/wp\/v2\/types\/page"}],"author":[{"embeddable":true,"href":"https:\/\/die-naturheilpraxis-pusch.de\/index.php\/wp-json\/wp\/v2\/users\/1"}],"replies":[{"embeddable":true,"href":"https:\/\/die-naturheilpraxis-pusch.de\/index.php\/wp-json\/wp\/v2\/comments?post=561"}],"version-history":[{"count":5,"href":"https:\/\/die-naturheilpraxis-pusch.de\/index.php\/wp-json\/wp\/v2\/pages\/561\/revisions"}],"predecessor-version":[{"id":676,"href":"https:\/\/die-naturheilpraxis-pusch.de\/index.php\/wp-json\/wp\/v2\/pages\/561\/revisions\/676"}],"wp:attachment":[{"href":"https:\/\/die-naturheilpraxis-pusch.de\/index.php\/wp-json\/wp\/v2\/media?parent=561"}],"curies":[{"name":"wp","href":"https:\/\/api.w.org\/{rel}","templated":true}]}}