{"id":559,"date":"2021-01-11T15:44:04","date_gmt":"2021-01-11T15:44:04","guid":{"rendered":"https:\/\/1003225.ruhr-colo.de\/?page_id=559"},"modified":"2021-10-12T09:51:22","modified_gmt":"2021-10-12T09:51:22","slug":"individual-session-service-5","status":"publish","type":"page","link":"https:\/\/die-naturheilpraxis-pusch.de\/index.php\/individual-session-service-5\/","title":{"rendered":"Die klassische Hom\u00f6opathie"},"content":{"rendered":"<div class=\"wpb-content-wrapper\"><p>[vc_row full_width=&#8220;0&#8243; full_height=&#8220;0&#8243; particles=&#8220;0&#8243; css=&#8220;.vc_custom_1457512674147{padding-bottom: 96px !important;}&#8220;][vc_column][vc_empty_space height=&#8220;64px&#8220;][\/vc_column][vc_column width=&#8220;1\/2&#8243;][vc_column_text]&#8220;W\u00e4hle, um sanft, schnell, gewi\u00df und dauerhaft zu heilen, in jedem Krankheitsfall eine Arznei, welche ein \u00e4hnliches Leiden erregen kann als sie heilen soll!&#8220;<\/p>\n<p>Die Hom\u00f6opathie ist ein Heilverfahren, bei dem durch Potenzierung (Verd\u00fcnnung) und Gabe von pflanzlichen, tierischen oder mineralischen Wirkstoffen eine Heilung erzielt wird.<\/p>\n<p>Der Arzt Samuel Hahnemann beobachtete 1790 in einem Selbstversuch mit Chinarinde, dass diese Substanz bei ihm genau diejenigen Symptome erzeugte, gegen die sie bei Kranken eingesetzt wurde. In zahlreichen weiteren Versuchen untersuchte er viele weitere Substanzen pflanzlichen, tierischen oder mineralischen Ursprungs .Er kam immer wieder zu dem Ergebnis, da\u00df Arzneien an Gesunden charakteristische Symptome hervorrufen, die sie bei Kranken wiederum heilen. Hahnemann f\u00fchrte als erster in der Medizin kontrollierte Experimente mit Arzneimitteln an gesunden Versuchspersonen durch &#8211; sogenannte Arzneimittelpr\u00fcfungen.<\/p>\n<p>Wenn Hahnemann sp\u00e4ter die Verd\u00fcnnungen &#8222;Potenzen&#8220; (lat. potentia = Kraft) nannte, so hatte er daf\u00fcr Gr\u00fcnde. Sein Verfahren war kein einfaches Verd\u00fcnnen. Durch dieses stufenweise Verd\u00fcnnen und eine spezielle Manipulation mittels Sch\u00fctteln und Verreiben, glaubte er, den Arzneien einen h\u00f6heren Wirkungsgrad verleihen zu k\u00f6nnen, als von ihrer stofflichen Konzentration zu erwarten war.<\/p>\n<p>Als Richtschnur f\u00fcr die Verordnung gilt allgemein: Je akuter und gr\u00f6ber die gesundheitliche St\u00f6rung, um so tiefer ist die Potenz zu w\u00e4hlen und um so h\u00e4ufiger gilt es sie zu verabreichen. Je feiner und chronischer das Krankheitsbild sich darstellt, um so h\u00f6her ist die Potenz zu w\u00e4hlen und um so weniger, evtl. nur einmalig wird sie verabreicht.<\/p>\n<p>Eine kann zu einer sog. Heilreaktion kommen, die zeigt , da\u00df die Mittelwahl richtig war. Es kommt zu einem kurzzeitigen Wiederaufflammen der Symptomatik. Durch das nochmalige k\u00f6rperliche Durchleben der Symptomatik wendet sich das Krankheitsbild zu einer raschen Genesung.<\/p>\n<p>Die verschiedenen Heilmittel werden in der Hom\u00f6opathie gezielt f\u00fcr den jeweiligen Patienten ausgew\u00e4hlt. Daher ist eine ausf\u00fchrliche Anamnese notwendig, um das Wesen und den K\u00f6rper eines Patienten genau kennen zu lernen.[\/vc_column_text][\/vc_column][vc_column width=&#8220;1\/2&#8243;]<div class=\"pl_fixed_ratio_media  \">\n    <div class=\"stretchy_wrapper ratio_16-9   bg_vtop\" style=\"background-image: url('https:\/\/die-naturheilpraxis-pusch.de\/wp-content\/uploads\/2021\/10\/DSC_0197.jpg');\">\n      <img decoding=\"async\" alt=\"\" src=\"https:\/\/die-naturheilpraxis-pusch.de\/wp-content\/uploads\/2021\/10\/DSC_0197.jpg\">\n    <\/div>\n\n<\/div>[\/vc_column][\/vc_row]<\/p>\n<\/div>","protected":false},"excerpt":{"rendered":"<p>[vc_row full_width=&#8220;0&#8243; full_height=&#8220;0&#8243; particles=&#8220;0&#8243; css=&#8220;.vc_custom_1457512674147{padding-bottom: 96px !important;}&#8220;][vc_column][vc_empty_space height=&#8220;64px&#8220;][\/vc_column][vc_column width=&#8220;1\/2&#8243;][vc_column_text]&#8220;W\u00e4hle, um sanft, schnell, gewi\u00df und dauerhaft zu heilen, in jedem Krankheitsfall eine Arznei, welche ein \u00e4hnliches Leiden erregen kann als sie [&hellip;]<\/p>\n","protected":false},"author":1,"featured_media":0,"parent":0,"menu_order":0,"comment_status":"closed","ping_status":"closed","template":"","meta":{"footnotes":""},"class_list":["post-559","page","type-page","status-publish","hentry"],"_links":{"self":[{"href":"https:\/\/die-naturheilpraxis-pusch.de\/index.php\/wp-json\/wp\/v2\/pages\/559","targetHints":{"allow":["GET"]}}],"collection":[{"href":"https:\/\/die-naturheilpraxis-pusch.de\/index.php\/wp-json\/wp\/v2\/pages"}],"about":[{"href":"https:\/\/die-naturheilpraxis-pusch.de\/index.php\/wp-json\/wp\/v2\/types\/page"}],"author":[{"embeddable":true,"href":"https:\/\/die-naturheilpraxis-pusch.de\/index.php\/wp-json\/wp\/v2\/users\/1"}],"replies":[{"embeddable":true,"href":"https:\/\/die-naturheilpraxis-pusch.de\/index.php\/wp-json\/wp\/v2\/comments?post=559"}],"version-history":[{"count":3,"href":"https:\/\/die-naturheilpraxis-pusch.de\/index.php\/wp-json\/wp\/v2\/pages\/559\/revisions"}],"predecessor-version":[{"id":639,"href":"https:\/\/die-naturheilpraxis-pusch.de\/index.php\/wp-json\/wp\/v2\/pages\/559\/revisions\/639"}],"wp:attachment":[{"href":"https:\/\/die-naturheilpraxis-pusch.de\/index.php\/wp-json\/wp\/v2\/media?parent=559"}],"curies":[{"name":"wp","href":"https:\/\/api.w.org\/{rel}","templated":true}]}}