{"id":553,"date":"2021-01-11T15:42:05","date_gmt":"2021-01-11T15:42:05","guid":{"rendered":"https:\/\/1003225.ruhr-colo.de\/?page_id=553"},"modified":"2026-02-18T13:24:54","modified_gmt":"2026-02-18T13:24:54","slug":"individual-session-service-2","status":"publish","type":"page","link":"https:\/\/die-naturheilpraxis-pusch.de\/index.php\/individual-session-service-2\/","title":{"rendered":"Ern\u00e4hrungsberatung"},"content":{"rendered":"<div class=\"wpb-content-wrapper\"><p>[vc_row full_width=&#8220;0&#8243; full_height=&#8220;0&#8243; particles=&#8220;0&#8243; css=&#8220;.vc_custom_1457512674147{padding-bottom: 96px !important;}&#8220;][vc_column][vc_empty_space height=&#8220;64px&#8220;][\/vc_column][vc_column width=&#8220;1\/2&#8243;][vc_column_text]Sie wollen sich gesund ern\u00e4hren, um ihr Wohlbefinden zu steigern, mehr Energie zu haben und sich einfach nur gut zu f\u00fchlen? Dann haben sie sicher schon sehr viel \u00fcber eine gesunde, ausgewogene Ern\u00e4hrung gelesen und standen anschlie\u00dfend vor der Frage: Welcher Weg ist wohl der richtige?<\/p>\n<p>Die Antwort ist: Es gibt keine pauschale L\u00f6sung! Lassen Sie sich nicht durch die Vielzahl widerspr\u00fcchlicher Aussagen, Berichte und Meinungen durcheinander bringen. Nicht jede Ern\u00e4hrungsform ist f\u00fcr jeden Menschen der richtige Weg!<\/p>\n<p>Gemeinsam finden wir heraus, welche Ern\u00e4hrungsweise zu <em>Ihrem<\/em> Leben, <em>Ihrem<\/em> K\u00f6rper und <em>Ihren<\/em> W\u00fcnschen passt \u2013 ganz ohne Dogmen, Verbote oder komplizierte Regeln. Ob Sie mehr Vitalit\u00e4t, ein besseres K\u00f6rpergef\u00fchl oder einfach mehr Freude am Essen suchen: Ich begleite Sie Schritt f\u00fcr Schritt auf Ihrem Weg zu einer Ern\u00e4hrung, die sich <em>richtig<\/em> anf\u00fchlt \u2013 f\u00fcr Sie.<\/p>\n<p><strong>Sie m\u00f6chten mehr erfahren oder einen Termin vereinbaren?<\/strong> Dann freue ich mich auf Ihre Nachricht! Ob per E-Mail, Telefon oder pers\u00f6nlich \u2013 lassen Sie uns ins Gespr\u00e4ch kommen und herausfinden, wie wir Ihre Ziele gemeinsam erreichen. <strong>Ihre Gesundheit beginnt mit dem ersten Schritt.<\/strong>[\/vc_column_text][\/vc_column][vc_column width=&#8220;1\/2&#8243;][vc_single_image image=&#8220;685&#8243; img_size=&#8220;full&#8220;][\/vc_column][\/vc_row]<\/p>\n<\/div>","protected":false},"excerpt":{"rendered":"<p>[vc_row full_width=&#8220;0&#8243; full_height=&#8220;0&#8243; particles=&#8220;0&#8243; css=&#8220;.vc_custom_1457512674147{padding-bottom: 96px !important;}&#8220;][vc_column][vc_empty_space height=&#8220;64px&#8220;][\/vc_column][vc_column width=&#8220;1\/2&#8243;][vc_column_text]Sie wollen sich gesund ern\u00e4hren, um ihr Wohlbefinden zu steigern, mehr Energie zu haben und sich einfach nur gut zu f\u00fchlen? Dann [&hellip;]<\/p>\n","protected":false},"author":1,"featured_media":0,"parent":0,"menu_order":0,"comment_status":"closed","ping_status":"closed","template":"","meta":{"footnotes":""},"class_list":["post-553","page","type-page","status-publish","hentry"],"_links":{"self":[{"href":"https:\/\/die-naturheilpraxis-pusch.de\/index.php\/wp-json\/wp\/v2\/pages\/553","targetHints":{"allow":["GET"]}}],"collection":[{"href":"https:\/\/die-naturheilpraxis-pusch.de\/index.php\/wp-json\/wp\/v2\/pages"}],"about":[{"href":"https:\/\/die-naturheilpraxis-pusch.de\/index.php\/wp-json\/wp\/v2\/types\/page"}],"author":[{"embeddable":true,"href":"https:\/\/die-naturheilpraxis-pusch.de\/index.php\/wp-json\/wp\/v2\/users\/1"}],"replies":[{"embeddable":true,"href":"https:\/\/die-naturheilpraxis-pusch.de\/index.php\/wp-json\/wp\/v2\/comments?post=553"}],"version-history":[{"count":9,"href":"https:\/\/die-naturheilpraxis-pusch.de\/index.php\/wp-json\/wp\/v2\/pages\/553\/revisions"}],"predecessor-version":[{"id":715,"href":"https:\/\/die-naturheilpraxis-pusch.de\/index.php\/wp-json\/wp\/v2\/pages\/553\/revisions\/715"}],"wp:attachment":[{"href":"https:\/\/die-naturheilpraxis-pusch.de\/index.php\/wp-json\/wp\/v2\/media?parent=553"}],"curies":[{"name":"wp","href":"https:\/\/api.w.org\/{rel}","templated":true}]}}