{"id":124,"date":"2016-02-19T09:28:54","date_gmt":"2016-02-19T09:28:54","guid":{"rendered":"http:\/\/plethorathemes.com\/healthflex\/health-coach\/?page_id=124"},"modified":"2021-10-20T21:47:02","modified_gmt":"2021-10-20T21:47:02","slug":"individual-session-service-11","status":"publish","type":"page","link":"https:\/\/die-naturheilpraxis-pusch.de\/index.php\/individual-session-service-11\/","title":{"rendered":"Akupunktur"},"content":{"rendered":"<div class=\"wpb-content-wrapper\"><p>[vc_row full_width=&#8220;0&#8243; full_height=&#8220;0&#8243; particles=&#8220;0&#8243; css=&#8220;.vc_custom_1457512674147{padding-bottom: 96px !important;}&#8220;][vc_column][vc_empty_space height=&#8220;64px&#8220;][\/vc_column][vc_column width=&#8220;1\/2&#8243;][vc_column_text]Akupunktur heilt<br \/>\nAkupunktur nimmt den Schmerz. Sie ist eine der faszinierendsten Heilmethoden, die die menschliche Weisheit je hervorgebracht hat.<\/p>\n<p>Schmerzlinderung<br \/>\nDie feinen Akupunkturreize hemmen bereits auf R\u00fcckenmarksebene die Weiterleitung des Schmerzreizes zum Gehirn. Gehirnzentren produzieren nach der Akupunktur psychisch ausgleichende, schmerzlindernde und entz\u00fcndungshemmenden Hormone (Endorphine, Dynorphine, Enkephalin, ACTH u.a.).<\/p>\n<p>Heilung<br \/>\nNach neuesten Erkenntnissen f\u00f6rdert die Akupunktur \u00fcber immunologische Mechanismen (Zytokine, Wachstumsfaktoren) die Regeneration gesch\u00e4digter Gewebe.<br \/>\nDie Akupunktur ist bei sachgem\u00e4\u00dfer Anwendung praktisch nebenwirkungsfrei.<\/p>\n<p>Hier kann Akupunktur helfen<br \/>\n\u00b7 Allergien<br \/>\n\u00b7 Asthma &amp; Bronchitis<br \/>\n\u00b7 Magen- und Darmerkrankungen<br \/>\n\u00b7 Blasenentz\u00fcndung<br \/>\n\u00b7 diverse Hauterkrankungen<br \/>\n\u00b7 Schulter-Arm-Syndrom<br \/>\n\u00b7 Nackenschmerz, -steife<br \/>\n\u00b7 Chron. Kreuzschmerz, Ischialgie<br \/>\n\u00b7 Arthroseschmerzen<br \/>\n\u00b7 Tennis- oder Golfarm<br \/>\n\u00b7 Migr\u00e4ne, Trigeminusneuralgie<br \/>\n\u00b7 Ohren- &amp; Augenerkrankungen<br \/>\n\u00b7 Menstruations- &amp; Wechseljahresbeschwerden<\/p>\n<p>\u00b7 Kinderwunsch<\/p>\n<p>\u00b7 Schlafst\u00f6rungen<br \/>\n\u00b7 Gewichtsreduktion<br \/>\n\u00b7 Raucherentw\u00f6hnung<\/p>\n<p>Dauer der Behandlung<br \/>\nEine Akupunktursitzung dauert zwischen 20 und 45 Minuten.<br \/>\nEine Behandlungsserie umfasst jeweils 6 bis 10 Sitzungen.[\/vc_column_text][\/vc_column][vc_column width=&#8220;1\/2&#8243;][vc_single_image image=&#8220;636&#8243; img_size=&#8220;full&#8220;][\/vc_column][\/vc_row]<\/p>\n<\/div>","protected":false},"excerpt":{"rendered":"<p>[vc_row full_width=&#8220;0&#8243; full_height=&#8220;0&#8243; particles=&#8220;0&#8243; css=&#8220;.vc_custom_1457512674147{padding-bottom: 96px !important;}&#8220;][vc_column][vc_empty_space height=&#8220;64px&#8220;][\/vc_column][vc_column width=&#8220;1\/2&#8243;][vc_column_text]Akupunktur heilt Akupunktur nimmt den Schmerz. Sie ist eine der faszinierendsten Heilmethoden, die die menschliche Weisheit je hervorgebracht hat. Schmerzlinderung Die feinen [&hellip;]<\/p>\n","protected":false},"author":1,"featured_media":0,"parent":0,"menu_order":0,"comment_status":"closed","ping_status":"closed","template":"","meta":{"footnotes":""},"class_list":["post-124","page","type-page","status-publish","hentry"],"_links":{"self":[{"href":"https:\/\/die-naturheilpraxis-pusch.de\/index.php\/wp-json\/wp\/v2\/pages\/124","targetHints":{"allow":["GET"]}}],"collection":[{"href":"https:\/\/die-naturheilpraxis-pusch.de\/index.php\/wp-json\/wp\/v2\/pages"}],"about":[{"href":"https:\/\/die-naturheilpraxis-pusch.de\/index.php\/wp-json\/wp\/v2\/types\/page"}],"author":[{"embeddable":true,"href":"https:\/\/die-naturheilpraxis-pusch.de\/index.php\/wp-json\/wp\/v2\/users\/1"}],"replies":[{"embeddable":true,"href":"https:\/\/die-naturheilpraxis-pusch.de\/index.php\/wp-json\/wp\/v2\/comments?post=124"}],"version-history":[{"count":5,"href":"https:\/\/die-naturheilpraxis-pusch.de\/index.php\/wp-json\/wp\/v2\/pages\/124\/revisions"}],"predecessor-version":[{"id":637,"href":"https:\/\/die-naturheilpraxis-pusch.de\/index.php\/wp-json\/wp\/v2\/pages\/124\/revisions\/637"}],"wp:attachment":[{"href":"https:\/\/die-naturheilpraxis-pusch.de\/index.php\/wp-json\/wp\/v2\/media?parent=124"}],"curies":[{"name":"wp","href":"https:\/\/api.w.org\/{rel}","templated":true}]}}